{"id":765,"date":"2022-02-23T21:05:43","date_gmt":"2022-02-23T21:05:43","guid":{"rendered":"https:\/\/startersites.io\/stagingfour\/?page_id=765"},"modified":"2025-09-10T12:30:42","modified_gmt":"2025-09-10T12:30:42","slug":"iletisim","status":"publish","type":"page","link":"https:\/\/www.bydenizcelik.com\/tr\/iletisim\/","title":{"rendered":"\u0130leti\u015fim"},"content":{"rendered":"\n<div class=\"wp-block-stackable-spacer stk-block-spacer stk--no-padding stk-block stk-6090630\" data-block-id=\"6090630\"><style>.stk-6090630 {height:50px !important;}<\/style><\/div>\n\n\n\n<div class=\"wp-block-stackable-columns stk-block-columns stk-block stk-a5bc981 ct-special-features\" data-block-id=\"a5bc981\"><style>.stk-a5bc981 {margin-bottom:0px !important;}.stk-a5bc981-column{--stk-column-gap:35px !important;row-gap:35px !important;}@media screen and (max-width:999px){.stk-a5bc981-column{--stk-column-gap:25px !important;}}<\/style><div class=\"stk-row stk-inner-blocks stk-block-content stk-content-align stk-a5bc981-column\">\n<div class=\"wp-block-stackable-column stk-block-column stk-column stk-block stk-622c7a4 stk-block-background\" data-v=\"4\" data-block-id=\"622c7a4\"><style>.stk-622c7a4-container{margin-top:0px !important;margin-right:0px !important;margin-bottom:0px !important;margin-left:0px !important;}.stk-622c7a4 {background-color:var(--theme-palette-color-8, #ffffff) !important;border-radius:8px !important;overflow:hidden !important;padding-top:80px !important;padding-right:70px !important;padding-bottom:80px !important;padding-left:70px !important;}.stk-622c7a4:hover{background-color:var(--theme-palette-color-1, #e65616) !important;}.stk-622c7a4:before{background-color:var(--theme-palette-color-8, #ffffff) !important;}.stk-622c7a4:hover:before{background-color:var(--theme-palette-color-1, #e65616) !important;}@media screen and (max-width:999px){.stk-622c7a4 {padding-top:40px !important;padding-right:25px !important;padding-bottom:40px !important;padding-left:25px !important;}}<\/style><div class=\"stk-column-wrapper stk-block-column__content stk-container stk-622c7a4-container stk--no-background stk--no-padding\"><div class=\"has-text-align-center stk-block-content stk-inner-blocks stk-622c7a4-inner-blocks\">\n<div class=\"wp-block-stackable-icon stk-block-icon has-text-align-center stk-block stk-ea85267\" data-block-id=\"ea85267\"><style>.stk-ea85267 {margin-bottom:30px !important;}.stk-ea85267 .stk--svg-wrapper .stk--inner-svg svg:last-child{height:45px !important;width:45px !important;}.stk-ea85267 .stk--svg-wrapper .stk--inner-svg svg:last-child, .stk-ea85267 .stk--svg-wrapper .stk--inner-svg svg:last-child :is(g, path, rect, polygon, ellipse){fill:var(--theme-palette-color-4, #ffffff) !important;}@media screen and (max-width:999px){.stk-ea85267 .stk--svg-wrapper .stk--inner-svg svg:last-child{height:30px !important;width:30px !important;}}<\/style><span class=\"stk--svg-wrapper\"><div class=\"stk--inner-svg\"><svg style=\"height:0;width:0\"><defs><linearGradient id=\"linear-gradient-ea85267\" x1=\"0\" x2=\"100%\" y1=\"0\" y2=\"0\"><stop offset=\"0%\" style=\"stop-opacity:1;stop-color:var(--linear-gradient-ea-85267-color-1)\"><\/stop><stop offset=\"100%\" style=\"stop-opacity:1;stop-color:var(--linear-gradient-ea-85267-color-2)\"><\/stop><\/linearGradient><\/defs><\/svg><svg class=\"ugb-custom-icon\" xmlns=\"http:\/\/www.w3.org\/2000\/svg\" viewBox=\"0 0 50 50\" aria-hidden=\"true\" width=\"32\" height=\"32\">\n  <path d=\"M38.5 5.5C34.9 1.9 30 0 24.8 0 14.2.1 5.6 8.8 5.7 19.5c0 8.1 10.3 21.7 16.4 29.1.2.2.3.4.5.5.7.6 1.6.9 2.4.9 1.1 0 2.2-.5 3-1.4 6.1-7.4 16.4-21 16.4-29.1v-.4c-.1-5.1-2.2-9.9-5.9-13.6zm1.6 14c0 5.6-7.7 17-15 26-7.3-9-15.1-20.4-15.1-26 0-4 1.5-7.8 4.3-10.7 2.8-2.9 6.6-4.5 10.6-4.5h.1c4 0 7.7 1.5 10.5 4.3 2.9 2.8 4.5 6.6 4.5 10.6v.3zm-10.1.1c0 2.7-2.1 4.9-4.8 5-2.7 0-4.9-2.1-5-4.8v-.1c0-2.7 2.1-4.9 4.8-4.9 2.7-.1 4.9 2.1 5 4.8z\" fill=\"#fff\"><\/path>\n<\/svg><\/div><\/span><\/div>\n\n\n\n<div class=\"wp-block-stackable-heading stk-block-heading stk-block-heading--v2 stk-block stk-592ef48\" id=\"adres\" data-block-id=\"592ef48\"><style>.stk-592ef48 {margin-bottom:16px !important;}.stk-592ef48 .stk-block-heading__text{font-weight:800 !important;}<\/style><h5 class=\"stk-block-heading__text\">Adres<\/h5><\/div>\n\n\n\n<p class=\"has-text-align-center has-palette-color-4-color has-text-color wp-block-paragraph\">Bah\u00e7elievler Mahallesi, 319 Cadde<br>Ankara \u00dcniversitesi Teknokent<\/p>\n<\/div><\/div><\/div>\n\n\n\n<div class=\"wp-block-stackable-column stk-block-column stk-column stk-block stk-92b5a22 stk-block-background\" data-v=\"4\" data-block-id=\"92b5a22\"><style>.stk-92b5a22-container{margin-top:0px !important;margin-right:0px !important;margin-bottom:0px !important;margin-left:0px !important;}.stk-92b5a22 {background-color:var(--theme-palette-color-8, #ffffff) !important;border-radius:8px !important;overflow:hidden !important;padding-top:80px !important;padding-right:70px !important;padding-bottom:80px !important;padding-left:70px !important;}.stk-92b5a22:hover{background-color:var(--theme-palette-color-1, #e65616) !important;}.stk-92b5a22:before{background-color:var(--theme-palette-color-8, #ffffff) !important;}.stk-92b5a22:hover:before{background-color:var(--theme-palette-color-1, #e65616) !important;}@media screen and (max-width:999px){.stk-92b5a22 {padding-top:40px !important;padding-right:25px !important;padding-bottom:40px !important;padding-left:25px !important;}}<\/style><div class=\"stk-column-wrapper stk-block-column__content stk-container stk-92b5a22-container stk--no-background stk--no-padding\"><div class=\"has-text-align-center stk-block-content stk-inner-blocks stk-92b5a22-inner-blocks\">\n<div class=\"wp-block-stackable-icon stk-block-icon has-text-align-center stk-block stk-d34828e\" data-block-id=\"d34828e\"><style>.stk-d34828e {margin-bottom:30px !important;}.stk-d34828e .stk--svg-wrapper .stk--inner-svg svg:last-child{height:45px !important;width:45px !important;}.stk-d34828e .stk--svg-wrapper .stk--inner-svg svg:last-child, .stk-d34828e .stk--svg-wrapper .stk--inner-svg svg:last-child :is(g, path, rect, polygon, ellipse){fill:var(--theme-palette-color-4, #ffffff) !important;}@media screen and (max-width:999px){.stk-d34828e .stk--svg-wrapper .stk--inner-svg svg:last-child{height:30px !important;width:30px !important;}}<\/style><span class=\"stk--svg-wrapper\"><div class=\"stk--inner-svg\"><svg style=\"height:0;width:0\"><defs><linearGradient id=\"linear-gradient-d34828e\" x1=\"0\" x2=\"100%\" y1=\"0\" y2=\"0\"><stop offset=\"0%\" style=\"stop-opacity:1;stop-color:var(--linear-gradient-d-34828-e-color-1)\"><\/stop><stop offset=\"100%\" style=\"stop-opacity:1;stop-color:var(--linear-gradient-d-34828-e-color-2)\"><\/stop><\/linearGradient><\/defs><\/svg><svg class=\"ugb-custom-icon\" xmlns=\"http:\/\/www.w3.org\/2000\/svg\" viewBox=\"0 0 50 50\" aria-hidden=\"true\" width=\"32\" height=\"32\">\n  <path d=\"M50 16.4V8c0-1.2-1-2.2-2.2-2.2H2.2C1 5.8 0 6.8 0 8v34c0 1.2 1 2.2 2.2 2.2h45.6c1.2 0 2.2-1 2.2-2.2V16.6v-.2zm-4.4-6.2v5.1L25 28.3l-20.6-13v-5.1h41.2zM4.4 39.8V20.4l19.4 12.3c.4.2.8.3 1.2.3.4 0 .8-.1 1.2-.3l19.5-12.3v19.4H4.4z\" fill=\"#fff\"><\/path>\n<\/svg><\/div><\/span><\/div>\n\n\n\n<div class=\"wp-block-stackable-heading stk-block-heading stk-block-heading--v2 stk-block stk-9334345\" id=\"e-posta-adresi\" data-block-id=\"9334345\"><style>.stk-9334345 {margin-bottom:16px !important;}.stk-9334345 .stk-block-heading__text{font-weight:800 !important;}<\/style><h5 class=\"stk-block-heading__text\">E-posta Adresi<\/h5><\/div>\n\n\n\n<p class=\"has-text-align-center has-palette-color-4-color has-text-color wp-block-paragraph\">info@bydenizcelik.com<br>denizcelik@hexxlock.com <\/p>\n<\/div><\/div><\/div>\n\n\n\n<div class=\"wp-block-stackable-column stk-block-column stk-column stk-block stk-5dedb98 stk-block-background\" data-v=\"4\" data-block-id=\"5dedb98\"><style>.stk-5dedb98-container{margin-top:0px !important;margin-right:0px !important;margin-bottom:0px !important;margin-left:0px !important;}.stk-5dedb98 {background-color:var(--theme-palette-color-8, #ffffff) !important;border-radius:8px !important;overflow:hidden !important;padding-top:80px !important;padding-right:70px !important;padding-bottom:80px !important;padding-left:70px !important;}.stk-5dedb98:hover{background-color:var(--theme-palette-color-1, #e65616) !important;}.stk-5dedb98:before{background-color:var(--theme-palette-color-8, #ffffff) !important;}.stk-5dedb98:hover:before{background-color:var(--theme-palette-color-1, #e65616) !important;}@media screen and (max-width:999px){.stk-5dedb98 {padding-top:40px !important;padding-right:25px !important;padding-bottom:40px !important;padding-left:25px !important;}}<\/style><div class=\"stk-column-wrapper stk-block-column__content stk-container stk-5dedb98-container stk--no-background stk--no-padding\"><div class=\"has-text-align-center stk-block-content stk-inner-blocks stk-5dedb98-inner-blocks\">\n<div class=\"wp-block-stackable-icon stk-block-icon has-text-align-center stk-block stk-a02b7b8\" data-block-id=\"a02b7b8\"><style>.stk-a02b7b8 {margin-bottom:30px !important;}.stk-a02b7b8 .stk--svg-wrapper .stk--inner-svg svg:last-child{height:45px !important;width:45px !important;}.stk-a02b7b8 .stk--svg-wrapper .stk--inner-svg svg:last-child, .stk-a02b7b8 .stk--svg-wrapper .stk--inner-svg svg:last-child :is(g, path, rect, polygon, ellipse){fill:var(--theme-palette-color-4, #ffffff) !important;}@media screen and (max-width:999px){.stk-a02b7b8 .stk--svg-wrapper .stk--inner-svg svg:last-child{height:30px !important;width:30px !important;}}<\/style><span class=\"stk--svg-wrapper\"><div class=\"stk--inner-svg\"><svg style=\"height:0;width:0\"><defs><linearGradient id=\"linear-gradient-a02b7b8\" x1=\"0\" x2=\"100%\" y1=\"0\" y2=\"0\"><stop offset=\"0%\" style=\"stop-opacity:1;stop-color:var(--linear-gradient-a-02-b-7-b-8-color-1)\"><\/stop><stop offset=\"100%\" style=\"stop-opacity:1;stop-color:var(--linear-gradient-a-02-b-7-b-8-color-2)\"><\/stop><\/linearGradient><\/defs><\/svg><svg class=\"ugb-custom-icon\" xmlns=\"http:\/\/www.w3.org\/2000\/svg\" viewBox=\"0 0 50 50\" aria-hidden=\"true\" width=\"32\" height=\"32\">\n  <path d=\"M36.9 50c-4.9 0-12.6-2.7-23.4-13.6C6.2 29.1 1.8 22.5.5 16.7-1 10.5 1.4 7.2 2.6 6l4.7-4.7c1.7-1.7 4.5-1.7 6.3 0 .1.1.2.3.3.4l6.8 8.8c1.4 1.8 1.2 4.3-.4 5.9l-2.5 2.5c-.2.3-.3.7-.3 1.1v.2c.1 1.2 2.1 4.8 4.7 7.5 2.7 2.7 6.3 4.7 7.5 4.7h.2c.4.1.8 0 1.1-.3l2.5-2.5c1.6-1.6 4.1-1.7 5.9-.3l8.7 6.8c.9.8 1.5 1.8 1.7 3 .1 1.2-.2 2.3-.9 3.3-.1.1-.2.3-.3.4l-4.7 4.7c-.7.7-2.9 2.5-7 2.5zM10.4 4.2c-.1 0-.1 0-.2.1L5.5 9c-.5.5-2 2.4-1 6.8.8 3.5 3.6 9.3 11.9 17.7 14 14 22.2 13.3 24.5 11l4.7-4.7c.1-.1.1-.3 0-.4L37 32.6c-.1-.1-.3-.1-.4 0L34 35.2c-.1.1-.1.1-.2.1-1.2 1-2.8 1.4-4.3 1.2-2.8-.2-7.3-3.2-10.1-6s-5.8-7.3-6-10.1c-.2-1.5.3-3.1 1.2-4.3 0-.1.1-.1.2-.2l2.6-2.6c.1-.1.1-.2 0-.3l-6.8-8.8h-.2zM4 7.5z\" fill=\"#fff\"><\/path>\n<\/svg><\/div><\/span><\/div>\n\n\n\n<div class=\"wp-block-stackable-heading stk-block-heading stk-block-heading--v2 stk-block stk-583731d\" id=\"telefon-numarasi\" data-block-id=\"583731d\"><style>.stk-583731d {margin-bottom:16px !important;}.stk-583731d .stk-block-heading__text{font-weight:800 !important;}<\/style><h5 class=\"stk-block-heading__text\">Telefon Numaras\u0131<\/h5><\/div>\n\n\n\n<p class=\"has-text-align-center has-palette-color-4-color has-text-color wp-block-paragraph\">+90 (507) 598 15 43<br>+90 (535) 076 28 08<\/p>\n<\/div><\/div><\/div>\n<\/div><\/div>\n\n\n\n<div class=\"wp-block-stackable-spacer stk-block-spacer stk--no-padding stk-block stk-6a8268d\" data-block-id=\"6a8268d\"><style>.stk-6a8268d {height:50px !important;}@media screen and (max-width:999px){.stk-6a8268d {height:100px !important;}}@media screen and (max-width:689px){.stk-6a8268d {height:50px !important;}}<\/style><\/div>\n\n\n\n<div class=\"wp-block-stackable-columns stk-block-columns stk-block stk-1dc5942\" data-block-id=\"1dc5942\"><style>.stk-1dc5942 .stk--block-align-1dc5942{align-items:center !important;}.stk-1dc5942 {margin-bottom:0px !important;}.stk-1dc5942-column{--stk-column-gap:35px !important;}@media screen and (max-width:689px){.stk-1dc5942-column{row-gap:35px !important;}}<\/style><div class=\"stk-row stk-inner-blocks stk--block-align-1dc5942 stk-block-content stk-content-align stk-1dc5942-column\">\n<div class=\"wp-block-stackable-column stk-block-column stk-column stk-block stk-3b6674e\" data-v=\"4\" data-block-id=\"3b6674e\"><style>.stk-3b6674e-container{margin-top:0px !important;margin-right:0px !important;margin-bottom:0px !important;margin-left:0px !important;}<\/style><div class=\"stk-column-wrapper stk-block-column__content stk-container stk-3b6674e-container stk--no-background stk--no-padding\"><div class=\"stk-block-content stk-inner-blocks stk-3b6674e-inner-blocks\">\n<figure class=\"wp-block-image size-full has-custom-border wp-duotone-unset-1\"><img loading=\"lazy\" decoding=\"async\" width=\"1000\" height=\"1000\" src=\"https:\/\/www.bydenizcelik.com\/tr\/wp-content\/uploads\/2025\/09\/iletisim1_dc.png\" alt=\"\" class=\"wp-image-1828\" style=\"border-top-left-radius:58px;border-top-right-radius:58px;border-bottom-left-radius:58px;border-bottom-right-radius:58px\" srcset=\"https:\/\/www.bydenizcelik.com\/tr\/wp-content\/uploads\/2025\/09\/iletisim1_dc.png 1000w, https:\/\/www.bydenizcelik.com\/tr\/wp-content\/uploads\/2025\/09\/iletisim1_dc-300x300.png 300w, https:\/\/www.bydenizcelik.com\/tr\/wp-content\/uploads\/2025\/09\/iletisim1_dc-150x150.png 150w, https:\/\/www.bydenizcelik.com\/tr\/wp-content\/uploads\/2025\/09\/iletisim1_dc-768x768.png 768w\" sizes=\"auto, (max-width: 1000px) 100vw, 1000px\" \/><\/figure>\n<\/div><\/div><\/div>\n\n\n\n<div class=\"wp-block-stackable-column stk-block-column stk-column stk-block stk-93c6013\" data-v=\"4\" data-block-id=\"93c6013\"><style>.stk-93c6013-container{margin-top:0px !important;margin-right:0px !important;margin-bottom:0px !important;margin-left:0px !important;}<\/style><div class=\"stk-column-wrapper stk-block-column__content stk-container stk-93c6013-container stk--no-background stk--no-padding\"><div class=\"has-text-align-center-mobile stk-block-content stk-inner-blocks stk-93c6013-inner-blocks\"><div class=\"wpforms-container wpforms-block wpforms-block-e35ddadc-265e-4e8b-9e0c-559a2b8ea3c4 wpforms-render-modern\" id=\"wpforms-1830\"><form id=\"wpforms-form-1830\" class=\"wpforms-validate wpforms-form wpforms-ajax-form\" data-formid=\"1830\" method=\"post\" enctype=\"multipart\/form-data\" action=\"\/tr\/wp-json\/wp\/v2\/pages\/765\" data-token=\"eb7e9c943e7c9a22a40ff371542781b6\" data-token-time=\"1776518795\"><noscript class=\"wpforms-error-noscript\">Bu formu bitirebilmek i\u00e7in taray\u0131c\u0131n\u0131zda JavaScript&#039;i etkinle\u015ftirin.<\/noscript><div id=\"wpforms-error-noscript\" style=\"display: none;\">Bu formu bitirebilmek i\u00e7in taray\u0131c\u0131n\u0131zda JavaScript&#039;i etkinle\u015ftirin.<\/div><div class=\"wpforms-field-container\"><div id=\"wpforms-1830-field_1-container\" class=\"wpforms-field wpforms-field-name\" data-field-id=\"1\"><fieldset><legend class=\"wpforms-field-label\">Ad\u0131 Soyad\u0131 <span class=\"wpforms-required-label\" aria-hidden=\"true\">*<\/span><\/legend><div class=\"wpforms-field-row wpforms-field-large\"><div class=\"wpforms-field-row-block wpforms-first wpforms-one-half\"><input type=\"text\" id=\"wpforms-1830-field_1\" class=\"wpforms-field-name-first wpforms-field-required\" name=\"wpforms[fields][1][first]\" placeholder=\"Ad\" aria-errormessage=\"wpforms-1830-field_1-error\" required><label for=\"wpforms-1830-field_1\" class=\"wpforms-field-sublabel after wpforms-sublabel-hide\">Ad<\/label><\/div><div class=\"wpforms-field-row-block wpforms-one-half\"><input type=\"text\" id=\"wpforms-1830-field_1-last\" class=\"wpforms-field-name-last wpforms-field-required\" name=\"wpforms[fields][1][last]\" placeholder=\"Soyad\" aria-errormessage=\"wpforms-1830-field_1-last-error\" required><label for=\"wpforms-1830-field_1-last\" class=\"wpforms-field-sublabel after wpforms-sublabel-hide\">Soyad<\/label><\/div><\/div><\/fieldset><\/div><div id=\"wpforms-1830-field_2-container\" class=\"wpforms-field wpforms-field-email\" data-field-id=\"2\"><label class=\"wpforms-field-label\" for=\"wpforms-1830-field_2\">E-posta <span class=\"wpforms-required-label\" aria-hidden=\"true\">*<\/span><\/label><input type=\"email\" id=\"wpforms-1830-field_2\" class=\"wpforms-field-medium wpforms-field-required\" name=\"wpforms[fields][2]\" placeholder=\"ornek@example.com\" spellcheck=\"false\" aria-errormessage=\"wpforms-1830-field_2-error\" required><\/div>\t\t<div id=\"wpforms-1830-field_4-container\"\n\t\t\tclass=\"wpforms-field wpforms-field-text\"\n\t\t\tdata-field-type=\"text\"\n\t\t\tdata-field-id=\"4\"\n\t\t\t>\n\t\t\t<label class=\"wpforms-field-label\" for=\"wpforms-1830-field_4\" >Ad\u0131 veya Mesaj<\/label>\n\t\t\t<input type=\"text\" id=\"wpforms-1830-field_4\" class=\"wpforms-field-medium\" name=\"wpforms[fields][4]\" >\n\t\t<\/div>\n\t\t<div id=\"wpforms-1830-field_5-container\" class=\"wpforms-field wpforms-field-text\" data-field-id=\"5\"><label class=\"wpforms-field-label\" for=\"wpforms-1830-field_5\">Telefon<\/label><input type=\"text\" id=\"wpforms-1830-field_5\" class=\"wpforms-field-large\" name=\"wpforms[fields][5]\" placeholder=\"+90 (111) 111 11 11\" aria-errormessage=\"wpforms-1830-field_5-error\" ><\/div><div id=\"wpforms-1830-field_3-container\" class=\"wpforms-field wpforms-field-textarea\" data-field-id=\"3\"><label class=\"wpforms-field-label\" for=\"wpforms-1830-field_3\">Yorum veya Mesaj <span class=\"wpforms-required-label\" aria-hidden=\"true\">*<\/span><\/label><textarea id=\"wpforms-1830-field_3\" class=\"wpforms-field-medium wpforms-field-required\" name=\"wpforms[fields][3]\" placeholder=\"L\u00fctfen g\u00f6ndermek istedi\u011finiz mesaj\u0131n\u0131z\u0131 yaz\u0131n\u0131z.\" aria-errormessage=\"wpforms-1830-field_3-error\" required><\/textarea><\/div><script>\n\t\t\t\t( function() {\n\t\t\t\t\tconst style = document.createElement( 'style' );\n\t\t\t\t\tstyle.appendChild( document.createTextNode( '#wpforms-1830-field_4-container { position: absolute !important; overflow: hidden !important; display: inline !important; height: 1px !important; width: 1px !important; z-index: -1000 !important; padding: 0 !important; } #wpforms-1830-field_4-container input { visibility: hidden; } #wpforms-conversational-form-page #wpforms-1830-field_4-container label { counter-increment: none; }' ) );\n\t\t\t\t\tdocument.head.appendChild( style );\n\t\t\t\t\tdocument.currentScript?.remove();\n\t\t\t\t} )();\n\t\t\t<\/script><\/div><!-- .wpforms-field-container --><div class=\"wpforms-recaptcha-container wpforms-is-recaptcha wpforms-is-recaptcha-type-v2\" ><div class=\"g-recaptcha\" data-sitekey=\"6LelfsMrAAAAAFnUc5eClHJU838-8yt7LFS3bdiw\"><\/div><input type=\"text\" name=\"g-recaptcha-hidden\" class=\"wpforms-recaptcha-hidden\" style=\"position:absolute!important;clip:rect(0,0,0,0)!important;height:1px!important;width:1px!important;border:0!important;overflow:hidden!important;padding:0!important;margin:0!important;\" data-rule-recaptcha=\"1\"><\/div><div class=\"wpforms-submit-container\" ><input type=\"hidden\" name=\"wpforms[id]\" value=\"1830\"><input type=\"hidden\" name=\"page_title\" value=\"\"><input type=\"hidden\" name=\"page_url\" value=\"https:\/\/www.bydenizcelik.com\/tr\/wp-json\/wp\/v2\/pages\/765\"><input type=\"hidden\" name=\"url_referer\" value=\"\"><button type=\"submit\" name=\"wpforms[submit]\" id=\"wpforms-submit-1830\" class=\"wpforms-submit\" data-alt-text=\"G\u00f6nderiliyor...\" data-submit-text=\"G\u00f6nder\" aria-live=\"assertive\" value=\"wpforms-submit\">G\u00f6nder<\/button><img loading=\"lazy\" decoding=\"async\" src=\"https:\/\/www.bydenizcelik.com\/tr\/wp-content\/plugins\/wpforms-lite\/assets\/images\/submit-spin.svg\" class=\"wpforms-submit-spinner\" style=\"display: none;\" width=\"26\" height=\"26\" alt=\"Y\u00fckleniyor\"><\/div><\/form><\/div>  <!-- .wpforms-container --><\/div><\/div><\/div>\n<\/div><\/div>\n\n\n\n<div class=\"wp-block-stackable-spacer stk-block-spacer stk--no-padding stk-block stk-34452c0\" data-block-id=\"34452c0\"><\/div>\n","protected":false},"excerpt":{"rendered":"<p>Adres Bah\u00e7elievler Mahallesi, 319 CaddeAnkara \u00dcniversitesi Teknokent E-posta Adresi info@bydenizcelik.comdenizcelik@hexxlock.com Telefon Numaras\u0131 +90 (507) 598 15 43+90 (535) 076 28 08<\/p>\n","protected":false},"author":1,"featured_media":0,"parent":0,"menu_order":0,"comment_status":"closed","ping_status":"closed","template":"","meta":{"_crdt_document":"","_uag_custom_page_level_css":"","footnotes":""},"class_list":["post-765","page","type-page","status-publish","hentry"],"blocksy_meta":{"styles_descriptor":{"styles":{"desktop":"","tablet":"","mobile":""},"google_fonts":[],"version":6}},"uagb_featured_image_src":{"full":false,"thumbnail":false,"medium":false,"medium_large":false,"large":false,"1536x1536":false,"2048x2048":false,"ultp_layout_landscape_large":false,"ultp_layout_landscape":false,"ultp_layout_portrait":false,"ultp_layout_square":false},"uagb_author_info":{"display_name":"admin","author_link":"https:\/\/www.bydenizcelik.com\/tr\/author\/admin\/"},"uagb_comment_info":0,"uagb_excerpt":"Adres Bah\u00e7elievler Mahallesi, 319 CaddeAnkara \u00dcniversitesi Teknokent E-posta Adresi info@bydenizcelik.comdenizcelik@hexxlock.com Telefon Numaras\u0131 +90 (507) 598 15 43+90 (535) 076 28 08","_links":{"self":[{"href":"https:\/\/www.bydenizcelik.com\/tr\/wp-json\/wp\/v2\/pages\/765","targetHints":{"allow":["GET"]}}],"collection":[{"href":"https:\/\/www.bydenizcelik.com\/tr\/wp-json\/wp\/v2\/pages"}],"about":[{"href":"https:\/\/www.bydenizcelik.com\/tr\/wp-json\/wp\/v2\/types\/page"}],"author":[{"embeddable":true,"href":"https:\/\/www.bydenizcelik.com\/tr\/wp-json\/wp\/v2\/users\/1"}],"replies":[{"embeddable":true,"href":"https:\/\/www.bydenizcelik.com\/tr\/wp-json\/wp\/v2\/comments?post=765"}],"version-history":[{"count":7,"href":"https:\/\/www.bydenizcelik.com\/tr\/wp-json\/wp\/v2\/pages\/765\/revisions"}],"predecessor-version":[{"id":1839,"href":"https:\/\/www.bydenizcelik.com\/tr\/wp-json\/wp\/v2\/pages\/765\/revisions\/1839"}],"wp:attachment":[{"href":"https:\/\/www.bydenizcelik.com\/tr\/wp-json\/wp\/v2\/media?parent=765"}],"curies":[{"name":"wp","href":"https:\/\/api.w.org\/{rel}","templated":true}]}}